{"id":3167,"date":"2021-05-20T09:20:44","date_gmt":"2021-05-20T07:20:44","guid":{"rendered":"https:\/\/tooties.at\/austria\/?page_id=3167"},"modified":"2026-01-21T10:35:01","modified_gmt":"2026-01-21T09:35:01","slug":"seminare_basic","status":"publish","type":"page","link":"https:\/\/tooties.at\/en\/seminare_basic\/","title":{"rendered":"seminare_basic"},"content":{"rendered":"<div class=\"wpb-content-wrapper\"><section class=\"vc_section vc_custom_1621495871096 vc_section-has-fill\"><div  class=\"vc-row-wrapper vc-row-responsive-69e5e947ed3f1 vc_custom_1751476666133\" data-parallax_sense=\"30\"><div class=\"wpb_row row\" >\n\t<div class=\"twelve columns vc-column-extra-class-69e5e947edf01 vc_custom_1751476741731\" data-parallax_sense=\"30\">\n\t\t<div class=\"wpb_wrapper\">\n\t\t\t\n\t<div class=\"wpb_text_column wpb_content_element  wpb_animate_when_almost_visible wpb_right-to-left right-to-left\" >\n\t\t<div class=\"wpb_wrapper\">\n\t\t\t<h1 style=\"text-align: left;\">Tootie-Basic Seminar:<\/h1>\n<p>Orientation, familiarisation and possible uses of the tooties, the nets and the sling board.<br \/>\nExercises that can be carried out with children and young people.<br \/>\nSelf-awareness with the material.<br \/>\nTheoretical foundations, including learning and motivation training according to the method of Dr John Hanson \/ Brain Development Center, L.A., USA.<\/p>\n<p>The most important thing, however, is that all people who pick up this material usually start to smile and have fun experimenting and learning!<\/p>\n\n\t\t<\/div> \n\t<\/div> \n\t\t<\/div> <script type=\"text\/javascript\">(function($) {$(\"head\").append(\"<style>@media (max-width: 799px){.columns.vc-column-extra-class-69e5e947edf01{padding-top: 0px !important;padding-left: 15px !important;padding-right: 15px !important;}}<\/style>\");})(jQuery);<\/script>\n\t<\/div> \n<\/div><div class=\"dfd-row-bg-overlay\" style=\"background-color: #ffffff;background-image: url(https:\/\/tooties.at\/wp-content\/plugins\/ronneby-core\/inc\/vc_custom\/dfd_vc_background\/patterns\/transperant);opacity: 0.85;\"><\/div><script type=\"text\/javascript\">(function($) {$(\"head\").append(\"<style>@media (max-width: 799px){.vc-row-wrapper.vc-row-responsive-69e5e947ed3f1{padding-top: 0px !important;padding-left: 15px !important;padding-right: 15px !important;}}<\/style>\");})(jQuery);<\/script><\/div><div  class=\"vc-row-wrapper vc-row-responsive-69e5e947ee92d\" data-parallax_sense=\"30\"><div class=\"wpb_row row\" >\n\t<div class=\"two columns vc-column-extra-class-69e5e947eed01\" data-parallax_sense=\"30\">\n\t\t<div class=\"wpb_wrapper\">\n\t\t\t\n\t<div class=\"wpb_text_column wpb_content_element\" >\n\t\t<div class=\"wpb_wrapper\">\n\t\t\t<p>Time frame:<\/p>\n\n\t\t<\/div> \n\t<\/div> \n\t\t<\/div> \n\t<\/div> \n\n\t<div class=\"ten columns vc-column-extra-class-69e5e947ef1d1\" data-parallax_sense=\"30\">\n\t\t<div class=\"wpb_wrapper\">\n\t\t\t\n\t<div class=\"wpb_text_column wpb_content_element\" >\n\t\t<div class=\"wpb_wrapper\">\n\t\t\t<p>9 hours (3 x 3 hours)<\/p>\n\n\t\t<\/div> \n\t<\/div> \n\t\t<\/div> \n\t<\/div> \n<\/div><div class=\"dfd-row-bg-overlay\" style=\"opacity: 0.8;\"><\/div><script type=\"text\/javascript\">(function($) {$(\"head\").append(\"<style>@media (max-width: 799px){.vc-row-wrapper.vc-row-responsive-69e5e947ee92d{padding-left: 20px !important;padding-right: 20px !important;}}<\/style>\");})(jQuery);<\/script><\/div><div  class=\"vc-row-wrapper vc-row-responsive-69e5e947ef84a\" data-parallax_sense=\"30\"><div class=\"wpb_row row\" >\n\t<div class=\"two columns vc-column-extra-class-69e5e947efbcb\" data-parallax_sense=\"30\">\n\t\t<div class=\"wpb_wrapper\">\n\t\t\t\n\t<div class=\"wpb_text_column wpb_content_element\" >\n\t\t<div class=\"wpb_wrapper\">\n\t\t\t<p>Costs:<\/p>\n\n\t\t<\/div> \n\t<\/div> \n\t\t<\/div> \n\t<\/div> \n\n\t<div class=\"ten columns vc-column-extra-class-69e5e947f007d\" data-parallax_sense=\"30\">\n\t\t<div class=\"wpb_wrapper\">\n\t\t\t\n\t<div class=\"wpb_text_column wpb_content_element\" >\n\t\t<div class=\"wpb_wrapper\">\n\t\t\t<p>130,&#8211; Euro pro Person<\/p>\n\n\t\t<\/div> \n\t<\/div> \n\t\t<\/div> \n\t<\/div> \n<\/div><div class=\"dfd-row-bg-overlay\" style=\"opacity: 0.8;\"><\/div><script type=\"text\/javascript\">(function($) {$(\"head\").append(\"<style>@media (max-width: 799px){.vc-row-wrapper.vc-row-responsive-69e5e947ef84a{padding-top: 20px !important;padding-left: 20px !important;padding-right: 20px !important;}}<\/style>\");})(jQuery);<\/script><\/div><div  class=\"vc-row-wrapper vc-row-responsive-69e5e947f0708\" data-parallax_sense=\"30\"><div class=\"wpb_row row\" >\n\t<div class=\"two columns vc-column-extra-class-69e5e947f0a75\" data-parallax_sense=\"30\">\n\t\t<div class=\"wpb_wrapper\">\n\t\t\t\n\t<div class=\"wpb_text_column wpb_content_element\" >\n\t\t<div class=\"wpb_wrapper\">\n\t\t\t<p>Location:<\/p>\n\n\t\t<\/div> \n\t<\/div> \n\t\t<\/div> \n\t<\/div> \n\n\t<div class=\"ten columns vc-column-extra-class-69e5e947f0f22\" data-parallax_sense=\"30\">\n\t\t<div class=\"wpb_wrapper\">\n\t\t\t\n\t<div class=\"wpb_text_column wpb_content_element\" >\n\t\t<div class=\"wpb_wrapper\">\n\t\t\t<p>Kreativ Raum &#8222;SiebenSinne&#8220; 1030 Wien, Landstr.Hauptstr. 134\/T\u00fcr 2<\/p>\n\n\t\t<\/div> \n\t<\/div> \n\t\t<\/div> \n\t<\/div> \n<\/div><div class=\"dfd-row-bg-overlay\" style=\"opacity: 0.8;\"><\/div><script type=\"text\/javascript\">(function($) {$(\"head\").append(\"<style>@media (max-width: 799px){.vc-row-wrapper.vc-row-responsive-69e5e947f0708{padding-top: 20px !important;padding-left: 20px !important;padding-right: 20px !important;}}<\/style>\");})(jQuery);<\/script><\/div><div  class=\"vc-row-wrapper vc-row-responsive-69e5e947f157b\" data-parallax_sense=\"30\"><div class=\"wpb_row row\" >\n\t<div class=\"two columns vc-column-extra-class-69e5e947f1902\" data-parallax_sense=\"30\">\n\t\t<div class=\"wpb_wrapper\">\n\t\t\t\n\t<div class=\"wpb_text_column wpb_content_element\" >\n\t\t<div class=\"wpb_wrapper\">\n\t\t\t<p>Restrictions:<\/p>\n\n\t\t<\/div> \n\t<\/div> \n\t\t<\/div> \n\t<\/div> \n\n\t<div class=\"ten columns vc-column-extra-class-69e5e947f1d95\" data-parallax_sense=\"30\">\n\t\t<div class=\"wpb_wrapper\">\n\t\t\t\n\t<div class=\"wpb_text_column wpb_content_element\" >\n\t\t<div class=\"wpb_wrapper\">\n\t\t\t<p>Minimum number of participants: six people<\/p>\n\n\t\t<\/div> \n\t<\/div> \n\t\t<\/div> \n\t<\/div> \n<\/div><div class=\"dfd-row-bg-overlay\" style=\"opacity: 0.8;\"><\/div><script type=\"text\/javascript\">(function($) {$(\"head\").append(\"<style>@media (max-width: 799px){.vc-row-wrapper.vc-row-responsive-69e5e947f157b{padding-top: 20px !important;padding-left: 20px !important;padding-right: 20px !important;}}<\/style>\");})(jQuery);<\/script><\/div><div  class=\"vc-row-wrapper vc-row-responsive-69e5e947f241c vc_custom_1751476947703\" data-parallax_sense=\"30\"><div class=\"wpb_row row\" >\n\t<div class=\"twelve columns vc-column-extra-class-69e5e947f284f\" data-parallax_sense=\"30\">\n\t\t<div class=\"wpb_wrapper\">\n\t\t\t<div class=\"vc-row-wrapper vc_inner vc_row-fluid dfd-inner-row-69e5e947f2c95\"><div class=\"row wpb_row\"><div class=\"vc-column-hover-69e5e947f3130 columns twelve\"><div class=\"wpb_wrapper\">\n\t<div class=\"wpb_text_column wpb_content_element  vc_custom_1621496473998\" >\n\t\t<div class=\"wpb_wrapper\">\n\t\t\t<h2>Dates:<\/h2>\n\n\t\t<\/div> \n\t<\/div> <\/div><\/div><\/div><\/div>\n\t<div class=\"wpb_text_column wpb_content_element\" >\n\t\t<div class=\"wpb_wrapper\">\n\t\t\t<p>The next one-day Tootie basic seminars<\/p>\n<p>are on:<\/p>\n<p>Samstag, 14. Februar 2026<\/p>\n<p>Samstag, 21. Februar 2026<\/p>\n<p>Samstag, 23. Mai 2026<\/p>\n<p>Samstag, 19. September 2026<\/p>\n<p>Samstag, 26. September 2026<\/p>\n<p>Samstag, 21. November 2026<\/p>\n<p><strong>Start: 8.00<\/strong><\/p>\n<p><strong>Ende: 18.00<\/strong><\/p>\n\n\t\t<\/div> \n\t<\/div> \n\t\t<\/div> \n\t<\/div> \n<\/div><div class=\"dfd-row-bg-overlay\" style=\"opacity: 0.8;\"><\/div><script type=\"text\/javascript\">(function($) {$(\"head\").append(\"<style>@media (max-width: 799px){.vc-row-wrapper.vc-row-responsive-69e5e947f241c{padding-left: 20px !important;padding-right: 20px !important;}}<\/style>\");})(jQuery);<\/script><\/div><\/section><div  class=\"vc-row-wrapper vc-row-responsive-69e5e947f3adb vc_custom_1751476969022\" data-parallax_sense=\"30\"><div class=\"wpb_row row\" >\n\t<div class=\"twelve columns vc-column-extra-class-69e5e947f3ee9\" data-parallax_sense=\"30\">\n\t\t<div class=\"wpb_wrapper\">\n\t\t\t\n\t<div class=\"wpb_text_column wpb_content_element\" >\n\t\t<div class=\"wpb_wrapper\">\n\t\t\t<h2>Registration:<\/h2>\n<p>For more information or to register for our Tootsie-BASIC seminars, please fill in the contact form and then click on \u2018SEND\u2019.<\/p>\n<p>We will contact you as soon as possible!<\/p>\n<p>It is also possible to contact us by telephone.<\/p>\n\n\t\t<\/div> \n\t<\/div> \n\t<div class=\"wpb_text_column wpb_content_element  vc_custom_1621497425161\" >\n\t\t<div class=\"wpb_wrapper\">\n\t\t\t\n<div class=\"wpcf7 no-js\" id=\"wpcf7-f1874-o1\" lang=\"de-DE\" dir=\"ltr\" data-wpcf7-id=\"1874\">\n<div class=\"screen-reader-response\"><p role=\"status\" aria-live=\"polite\" aria-atomic=\"true\"><\/p> <ul><\/ul><\/div>\n<form action=\"\/en\/wp-json\/wp\/v2\/pages\/3167#wpcf7-f1874-o1\" method=\"post\" class=\"wpcf7-form init\" aria-label=\"Kontaktformular\" novalidate=\"novalidate\" data-status=\"init\" data-trp-original-action=\"\/en\/wp-json\/wp\/v2\/pages\/3167#wpcf7-f1874-o1\">\n<fieldset class=\"hidden-fields-container\"><input type=\"hidden\" name=\"_wpcf7\" value=\"1874\" \/><input type=\"hidden\" name=\"_wpcf7_version\" value=\"6.1\" \/><input type=\"hidden\" name=\"_wpcf7_locale\" value=\"de_DE\" \/><input type=\"hidden\" name=\"_wpcf7_unit_tag\" value=\"wpcf7-f1874-o1\" \/><input type=\"hidden\" name=\"_wpcf7_container_post\" value=\"0\" \/><input type=\"hidden\" name=\"_wpcf7_posted_data_hash\" value=\"\" \/>\n<\/fieldset>\n<p><label> Name*<br \/>\n<span class=\"wpcf7-form-control-wrap\" data-name=\"your-name\"><input size=\"40\" maxlength=\"400\" class=\"wpcf7-form-control wpcf7-text wpcf7-validates-as-required\" aria-required=\"true\" aria-invalid=\"false\" value=\"\" type=\"text\" name=\"your-name\" \/><\/span> <\/label>\n<\/p>\n<p><label> E-mail address*<br \/>\n<span class=\"wpcf7-form-control-wrap\" data-name=\"your-email\"><input size=\"40\" maxlength=\"400\" class=\"wpcf7-form-control wpcf7-email wpcf7-validates-as-required wpcf7-text wpcf7-validates-as-email\" aria-required=\"true\" aria-invalid=\"false\" value=\"\" type=\"email\" name=\"your-email\" \/><\/span> <\/label>\n<\/p>\n<p><label> Phone*<br \/>\n<span class=\"wpcf7-form-control-wrap\" data-name=\"tel-806\"><input size=\"40\" maxlength=\"400\" class=\"wpcf7-form-control wpcf7-tel wpcf7-validates-as-required wpcf7-text wpcf7-validates-as-tel\" aria-required=\"true\" aria-invalid=\"false\" value=\"\" type=\"tel\" name=\"tel-806\" \/><\/span> <\/label>\n<\/p>\n<p><label> Number of desired participants*<br \/>\n<span class=\"wpcf7-form-control-wrap\" data-name=\"number-351\"><input class=\"wpcf7-form-control wpcf7-number wpcf7-validates-as-number\" aria-invalid=\"false\" value=\"\" type=\"number\" name=\"number-351\" \/><\/span> <\/label>\n<\/p>\n<p><label> Your message<br \/>\n<span class=\"wpcf7-form-control-wrap\" data-name=\"your-message\"><textarea cols=\"40\" rows=\"10\" maxlength=\"2000\" class=\"wpcf7-form-control wpcf7-textarea\" aria-invalid=\"false\" name=\"your-message\"><\/textarea><\/span> <\/label>\n<\/p>\n<p><input class=\"wpcf7-form-control wpcf7-submit has-spinner\" type=\"submit\" value=\"SEND\" \/>\n<\/p><p style=\"display: none !important;\" class=\"akismet-fields-container\" data-prefix=\"_wpcf7_ak_\"><label>&#916;<textarea name=\"_wpcf7_ak_hp_textarea\" cols=\"45\" rows=\"8\" maxlength=\"100\"><\/textarea><\/label><input type=\"hidden\" id=\"ak_js_1\" name=\"_wpcf7_ak_js\" value=\"120\"\/><script>document.getElementById( \"ak_js_1\" ).setAttribute( \"value\", ( new Date() ).getTime() );<\/script><\/p><div class=\"wpcf7-response-output\" aria-hidden=\"true\"><\/div>\n<input type=\"hidden\" name=\"trp-form-language\" value=\"en\"\/><\/form>\n<\/div>\n\n\n\t\t<\/div> \n\t<\/div> \n\t\t<\/div> \n\t<\/div> \n<\/div><div class=\"dfd-row-bg-wrap dfd-row-bg-anim-colors\" id=\"DfdAnimatedBG69e5e94809b70\"><\/div><script type=\"text\/javascript\">\r\n\t\t\t\t\t(function($) {\r\n\t\t\t\t\t\t$(\"head\").append(\"<style>#DfdAnimatedBG69e5e94809b70{background: #ffda23;-webkit-animation: DfdAnimatedBG69e5e94809b70 3s linear infinite;-moz-animation: DfdAnimatedBG69e5e94809b70 3s linear infinite;-ms-animation: DfdAnimatedBG69e5e94809b70 3s linear infinite;-o-animation: DfdAnimatedBG69e5e94809b70 3s linear infinite;animation: DfdAnimatedBG69e5e94809b70 3s linear infinite;}@-webkit-keyframes DfdAnimatedBG69e5e94809b70 {0% { background: #ffda23}}@-moz-keyframes DfdAnimatedBG69e5e94809b70 {0% { background: #ffda23}}@-ms-keyframes DfdAnimatedBG69e5e94809b70 {0% { background: #ffda23}}@-o-keyframes DfdAnimatedBG69e5e94809b70 {0% { background: #ffda23}}@keyframes DfdAnimatedBG69e5e94809b70 {0% { background: #ffda23}}<\/style>\");\r\n\t\t\t\t\t})(jQuery);\r\n\t\t\t\t<\/script><script type=\"text\/javascript\">(function($) {$(\"head\").append(\"<style>#DfdAnimatedBG69e5e94809b70{background: #ffda23;-webkit-animation: DfdAnimatedBG69e5e94809b70 3s linear infinite;-moz-animation: DfdAnimatedBG69e5e94809b70 3s linear infinite;-ms-animation: DfdAnimatedBG69e5e94809b70 3s linear infinite;-o-animation: DfdAnimatedBG69e5e94809b70 3s linear infinite;animation: DfdAnimatedBG69e5e94809b70 3s linear infinite;}@-webkit-keyframes DfdAnimatedBG69e5e94809b70 {0% { background: #ffda23}}@-moz-keyframes DfdAnimatedBG69e5e94809b70 {0% { background: #ffda23}}@-ms-keyframes DfdAnimatedBG69e5e94809b70 {0% { background: #ffda23}}@-o-keyframes DfdAnimatedBG69e5e94809b70 {0% { background: #ffda23}}@keyframes DfdAnimatedBG69e5e94809b70 {0% { background: #ffda23}}@media (max-width: 799px){.vc-row-wrapper.vc-row-responsive-69e5e947f3adb{padding-left: 20px !important;padding-right: 20px !important;}}<\/style>\");})(jQuery);<\/script><\/div>\n<\/div>","protected":false},"excerpt":{"rendered":"Tootie-Basic Seminar: Orientierung, Kennenlernen und Einsatzm\u00f6glichkeiten der Tooties, der Netze und des Schleuderbretts. \u00dcbungen, die mit Kindern und Jugendlichen durchgef\u00fchrt werden k\u00f6nnen. Selbsterfahrung mit dem Material. Theoretische Grundlagen u.a. Lern-","protected":false},"author":3,"featured_media":0,"parent":0,"menu_order":0,"comment_status":"closed","ping_status":"closed","template":"page-custom.php","meta":{"footnotes":""},"class_list":["post-3167","page","type-page","status-publish","hentry"],"_links":{"self":[{"href":"https:\/\/tooties.at\/en\/wp-json\/wp\/v2\/pages\/3167","targetHints":{"allow":["GET"]}}],"collection":[{"href":"https:\/\/tooties.at\/en\/wp-json\/wp\/v2\/pages"}],"about":[{"href":"https:\/\/tooties.at\/en\/wp-json\/wp\/v2\/types\/page"}],"author":[{"embeddable":true,"href":"https:\/\/tooties.at\/en\/wp-json\/wp\/v2\/users\/3"}],"replies":[{"embeddable":true,"href":"https:\/\/tooties.at\/en\/wp-json\/wp\/v2\/comments?post=3167"}],"version-history":[{"count":46,"href":"https:\/\/tooties.at\/en\/wp-json\/wp\/v2\/pages\/3167\/revisions"}],"predecessor-version":[{"id":3529,"href":"https:\/\/tooties.at\/en\/wp-json\/wp\/v2\/pages\/3167\/revisions\/3529"}],"wp:attachment":[{"href":"https:\/\/tooties.at\/en\/wp-json\/wp\/v2\/media?parent=3167"}],"curies":[{"name":"wp","href":"https:\/\/api.w.org\/{rel}","templated":true}]}}