{"id":3194,"date":"2021-05-20T10:14:51","date_gmt":"2021-05-20T08:14:51","guid":{"rendered":"https:\/\/tooties.at\/austria\/?page_id=3194"},"modified":"2025-07-02T19:27:54","modified_gmt":"2025-07-02T17:27:54","slug":"seminare_advanced","status":"publish","type":"page","link":"https:\/\/tooties.at\/en\/seminare_advanced\/","title":{"rendered":"seminare_advanced"},"content":{"rendered":"<div class=\"wpb-content-wrapper\"><section class=\"vc_section vc_custom_1621506264045 vc_section-has-fill\"><div  class=\"vc-row-wrapper vc-row-responsive-69e9dd6b55f7f vc_custom_1751477053151\" data-parallax_sense=\"30\"><div class=\"wpb_row row\" >\n\t<div class=\"twelve columns vc-column-extra-class-69e9dd6b568d6 dfd-apply-laptop vc_custom_1751477032591\" data-parallax_sense=\"30\">\n\t\t<div class=\"wpb_wrapper\">\n\t\t\t\n\t<div class=\"wpb_text_column wpb_content_element  wpb_animate_when_almost_visible wpb_right-to-left right-to-left\" >\n\t\t<div class=\"wpb_wrapper\">\n\t\t\t<h1 style=\"text-align: left;\">Tootie-Advanced seminars:<\/h1>\n<p>The training is held in 2 modules of 6 hours each.<\/p>\n<p><strong>Speakers:<\/strong><br \/>\nDipl.P\u00e4d. Romy Lechner,<br \/>\nDipl.P\u00e4d. Brigitta Bruckner-Heimbach,<br \/>\nDipl.Kinderg\u00e4rtnerin Melanie Proyer<\/p>\n<p><strong>Prerequisite:<\/strong><br \/>\n<a href=\"https:\/\/tooties.at\/en\/austria\/seminare_basic\/\">Tootie-Basic Seminar<\/a><\/p>\n\n\t\t<\/div> \n\t<\/div> \n\t<div class=\"wpb_text_column wpb_content_element  vc_custom_1621498601533\" >\n\t\t<div class=\"wpb_wrapper\">\n\t\t\t<h2>Modul 1<\/h2>\n<p>Theoretical foundations, prerequisites for effective learning, material and methods for social learning.<br \/>\nRefresher of the exercises from the basic seminar, basics of didactics for designing learning sequences with the Tooty material.<br \/>\nRepetition of the different devices and their possible uses, taking into account the factors of time and documentation.<br \/>\nLauncher als Diagnoseinstrument und Trainingsm\u00f6glichkeiten bei festgestellten Defiziten.<br \/>\n\u2018The relationship with the child\u2019 as the basis for working with the Tooty material.<\/p>\n\n\t\t<\/div> \n\t<\/div> \n\t\t<\/div> <script type=\"text\/javascript\">(function($) {$(\"head\").append(\"<style>@media (max-width: 799px){.columns.vc-column-extra-class-69e9dd6b568d6{padding-top: 0px !important;padding-left: 15px !important;padding-right: 15px !important;}}<\/style>\");})(jQuery);<\/script>\n\t<\/div> \n<\/div><div class=\"dfd-row-bg-overlay\" style=\"background-color: #ffffff;background-image: url(https:\/\/tooties.at\/wp-content\/plugins\/ronneby-core\/inc\/vc_custom\/dfd_vc_background\/patterns\/transperant);opacity: 0.85;\"><\/div><script type=\"text\/javascript\">(function($) {$(\"head\").append(\"<style>@media (max-width: 799px){.vc-row-wrapper.vc-row-responsive-69e9dd6b55f7f{padding-top: 0px !important;padding-left: 15px !important;padding-right: 15px !important;}}<\/style>\");})(jQuery);<\/script><\/div><div  class=\"vc-row-wrapper vc-row-responsive-69e9dd6b57403\" data-parallax_sense=\"30\"><div class=\"wpb_row row\" >\n\t<div class=\"two columns vc-column-extra-class-69e9dd6b57799\" data-parallax_sense=\"30\">\n\t\t<div class=\"wpb_wrapper\">\n\t\t\t\n\t<div class=\"wpb_text_column wpb_content_element\" >\n\t\t<div class=\"wpb_wrapper\">\n\t\t\t<p>Time frame:<\/p>\n\n\t\t<\/div> \n\t<\/div> \n\t\t<\/div> \n\t<\/div> \n\n\t<div class=\"ten columns vc-column-extra-class-69e9dd6b57c57\" data-parallax_sense=\"30\">\n\t\t<div class=\"wpb_wrapper\">\n\t\t\t\n\t<div class=\"wpb_text_column wpb_content_element\" >\n\t\t<div class=\"wpb_wrapper\">\n\t\t\t<p>6 hours (2 x 3 hours)<\/p>\n\n\t\t<\/div> \n\t<\/div> \n\t\t<\/div> \n\t<\/div> \n<\/div><div class=\"dfd-row-bg-overlay\" style=\"opacity: 0.8;\"><\/div><script type=\"text\/javascript\">(function($) {$(\"head\").append(\"<style>@media (max-width: 799px){.vc-row-wrapper.vc-row-responsive-69e9dd6b57403{padding-left: 20px !important;padding-right: 20px !important;}}<\/style>\");})(jQuery);<\/script><\/div><div  class=\"vc-row-wrapper vc-row-responsive-69e9dd6b582c6\" data-parallax_sense=\"30\"><div class=\"wpb_row row\" >\n\t<div class=\"two columns vc-column-extra-class-69e9dd6b5863c\" data-parallax_sense=\"30\">\n\t\t<div class=\"wpb_wrapper\">\n\t\t\t\n\t<div class=\"wpb_text_column wpb_content_element\" >\n\t\t<div class=\"wpb_wrapper\">\n\t\t\t<p>Costs:<\/p>\n\n\t\t<\/div> \n\t<\/div> \n\t\t<\/div> \n\t<\/div> \n\n\t<div class=\"ten columns vc-column-extra-class-69e9dd6b58ad4\" data-parallax_sense=\"30\">\n\t\t<div class=\"wpb_wrapper\">\n\t\t\t\n\t<div class=\"wpb_text_column wpb_content_element\" >\n\t\t<div class=\"wpb_wrapper\">\n\t\t\t<p>300,- Euro per person<\/p>\n\n\t\t<\/div> \n\t<\/div> \n\t\t<\/div> \n\t<\/div> \n<\/div><div class=\"dfd-row-bg-overlay\" style=\"opacity: 0.8;\"><\/div><script type=\"text\/javascript\">(function($) {$(\"head\").append(\"<style>@media (max-width: 799px){.vc-row-wrapper.vc-row-responsive-69e9dd6b582c6{border-top-width: 20px !important;padding-left: 20px !important;padding-right: 20px !important;}}<\/style>\");})(jQuery);<\/script><\/div><div  class=\"vc-row-wrapper vc-row-responsive-69e9dd6b5913c\" data-parallax_sense=\"30\"><div class=\"wpb_row row\" >\n\t<div class=\"two columns vc-column-extra-class-69e9dd6b5949f\" data-parallax_sense=\"30\">\n\t\t<div class=\"wpb_wrapper\">\n\t\t\t\n\t<div class=\"wpb_text_column wpb_content_element\" >\n\t\t<div class=\"wpb_wrapper\">\n\t\t\t<p>Location:<\/p>\n\n\t\t<\/div> \n\t<\/div> \n\t\t<\/div> \n\t<\/div> \n\n\t<div class=\"ten columns vc-column-extra-class-69e9dd6b5993e\" data-parallax_sense=\"30\">\n\t\t<div class=\"wpb_wrapper\">\n\t\t\t\n\t<div class=\"wpb_text_column wpb_content_element\" >\n\t\t<div class=\"wpb_wrapper\">\n\t\t\t<p>Kreativ Raum &#8222;SiebenSinne&#8220; 1030 Wien, Landstr.Hauptstr. 134\/T\u00fcr 2<\/p>\n\n\t\t<\/div> \n\t<\/div> \n\t\t<\/div> \n\t<\/div> \n<\/div><div class=\"dfd-row-bg-overlay\" style=\"opacity: 0.8;\"><\/div><script type=\"text\/javascript\">(function($) {$(\"head\").append(\"<style>@media (max-width: 799px){.vc-row-wrapper.vc-row-responsive-69e9dd6b5913c{padding-top: 20px !important;padding-left: 20px !important;padding-right: 20px !important;}}<\/style>\");})(jQuery);<\/script><\/div><div  class=\"vc-row-wrapper vc-row-responsive-69e9dd6b59fab\" data-parallax_sense=\"30\"><div class=\"wpb_row row\" >\n\t<div class=\"two columns vc-column-extra-class-69e9dd6b5a332\" data-parallax_sense=\"30\">\n\t\t<div class=\"wpb_wrapper\">\n\t\t\t\n\t<div class=\"wpb_text_column wpb_content_element\" >\n\t\t<div class=\"wpb_wrapper\">\n\t\t\t<p>Restrictions:<\/p>\n\n\t\t<\/div> \n\t<\/div> \n\t\t<\/div> \n\t<\/div> \n\n\t<div class=\"ten columns vc-column-extra-class-69e9dd6b5a7d8\" data-parallax_sense=\"30\">\n\t\t<div class=\"wpb_wrapper\">\n\t\t\t\n\t<div class=\"wpb_text_column wpb_content_element\" >\n\t\t<div class=\"wpb_wrapper\">\n\t\t\t<p>Minimum number of participants: six people<\/p>\n\n\t\t<\/div> \n\t<\/div> \n\t\t<\/div> \n\t<\/div> \n<\/div><div class=\"dfd-row-bg-overlay\" style=\"opacity: 0.8;\"><\/div><script type=\"text\/javascript\">(function($) {$(\"head\").append(\"<style>@media (max-width: 799px){.vc-row-wrapper.vc-row-responsive-69e9dd6b59fab{padding-top: 20px !important;padding-left: 20px !important;padding-right: 20px !important;}}<\/style>\");})(jQuery);<\/script><\/div><div  class=\"vc-row-wrapper vc-row-responsive-69e9dd6b5ae51 vc_custom_1751477149151\" data-parallax_sense=\"30\"><div class=\"wpb_row row\" >\n\t<div class=\"twelve columns vc-column-extra-class-69e9dd6b5b269\" data-parallax_sense=\"30\">\n\t\t<div class=\"wpb_wrapper\">\n\t\t\t<div class=\"vc-row-wrapper vc_inner vc_row-fluid dfd-inner-row-69e9dd6b5b654\"><div class=\"row wpb_row\"><div class=\"vc-column-hover-69e9dd6b5ba9a columns twelve\"><div class=\"wpb_wrapper\">\n\t<div class=\"wpb_text_column wpb_content_element  vc_custom_1621496473998\" >\n\t\t<div class=\"wpb_wrapper\">\n\t\t\t<h2>Dates:<\/h2>\n\n\t\t<\/div> \n\t<\/div> <\/div><\/div><\/div><\/div>\n\t<div class=\"wpb_text_column wpb_content_element\" >\n\t\t<div class=\"wpb_wrapper\">\n\t\t\t<p>Dates to be announced<\/p>\n\n\t\t<\/div> \n\t<\/div> \n\t\t<\/div> \n\t<\/div> \n<\/div><div class=\"dfd-row-bg-overlay\" style=\"opacity: 0.8;\"><\/div><script type=\"text\/javascript\">(function($) {$(\"head\").append(\"<style>@media (max-width: 799px){.vc-row-wrapper.vc-row-responsive-69e9dd6b5ae51{padding-left: 20px !important;padding-right: 20px !important;}}<\/style>\");})(jQuery);<\/script><\/div><\/section><div  class=\"vc-row-wrapper\" data-parallax_sense=\"30\"><div class=\"wpb_row row\" >\n\t<div class=\"twelve columns vc-column-extra-class-69e9dd6b5c75e\" data-parallax_sense=\"30\">\n\t\t<div class=\"wpb_wrapper\">\n\t\t\t\n<div class=\"vc-zigzag-wrapper vc-zigzag-align-center\"><div class=\"vc-zigzag-inner\" style=\"width: 100%;min-height: 14px;background: 0 repeat-x url(&#039;data:image\/svg+xml;utf-8,%3C%3Fxml%20version%3D%221.0%22%20encoding%3D%22utf-8%22%3F%3E%3C%21DOCTYPE%20svg%20PUBLIC%20%22-%2F%2FW3C%2F%2FDTD%20SVG%201.1%2F%2FEN%22%20%22http%3A%2F%2Fwww.w3.org%2FGraphics%2FSVG%2F1.1%2FDTD%2Fsvg11.dtd%22%3E%3Csvg%20width%3D%2214px%22%20height%3D%2212px%22%20viewBox%3D%220%200%2018%2015%22%20version%3D%221.1%22%20xmlns%3D%22http%3A%2F%2Fwww.w3.org%2F2000%2Fsvg%22%20xmlns%3Axlink%3D%22http%3A%2F%2Fwww.w3.org%2F1999%2Fxlink%22%3E%3Cpolygon%20id%3D%22Combined-Shape%22%20fill%3D%22%23ebebeb%22%20points%3D%228.98762301%200%200%209.12771969%200%2014.519983%209%205.40479869%2018%2014.519983%2018%209.12771969%22%3E%3C%2Fpolygon%3E%3C%2Fsvg%3E&#039;);\"><\/div><\/div>\n\t\t<\/div> \n\t<\/div> \n<\/div><div class=\"dfd-row-bg-overlay\" style=\"opacity: 0.8;\"><\/div><\/div><section class=\"vc_section vc_custom_1621498979816 vc_section-has-fill\"><div id=\"methode\" class=\"vc-row-wrapper vc-row-responsive-69e9dd6b5d42e vc_custom_1621495517330\" data-parallax_sense=\"30\" data-tooltip=\"methode\" data-anchor=\"section-methode\"><div class=\"wpb_row row\" >\n\t<div class=\"twelve columns vc-column-extra-class-69e9dd6b5d7c5\" data-parallax_sense=\"30\">\n\t\t<div class=\"wpb_wrapper\">\n\t\t\t\n\t<div class=\"wpb_text_column wpb_content_element\" >\n\t\t<div class=\"wpb_wrapper\">\n\t\t\t<h2>Modul 2<\/h2>\n<p>Consolidation of methods (organising, calculating, comparing, estimating, memory...).<br \/>\nWeighing exercises, metric exercises, arithmetic with cubes and machines, knots and magic tricks.<br \/>\nExercises for eye-hand coordination (speed stacks, eye ball).<br \/>\nIntroduction to optometry for laypersons.<\/p>\n\n\t\t<\/div> \n\t<\/div> \n\t\t<\/div> <script type=\"text\/javascript\">(function($) {$(\"head\").append(\"<style>@media (max-width: 799px){.columns.vc-column-extra-class-69e9dd6b5d7c5{padding-left: 15px !important;padding-right: 15px !important;}}<\/style>\");})(jQuery);<\/script>\n\t<\/div> \n<\/div><div class=\"dfd-row-bg-overlay\" style=\"background-color: #ffffff;background-image: url(https:\/\/tooties.at\/wp-content\/plugins\/ronneby-core\/inc\/vc_custom\/dfd_vc_background\/patterns\/transperant);opacity: 0.85;\"><\/div><script type=\"text\/javascript\">(function($) {$(\"head\").append(\"<style>@media (max-width: 799px){.vc-row-wrapper.vc-row-responsive-69e9dd6b5d42e{padding-left: 15px !important;padding-right: 15px !important;}}<\/style>\");})(jQuery);<\/script><\/div><div  class=\"vc-row-wrapper vc-row-responsive-69e9dd6b5de6f\" data-parallax_sense=\"30\"><div class=\"wpb_row row\" >\n\t<div class=\"two columns vc-column-extra-class-69e9dd6b5e1e1\" data-parallax_sense=\"30\">\n\t\t<div class=\"wpb_wrapper\">\n\t\t\t\n\t<div class=\"wpb_text_column wpb_content_element\" >\n\t\t<div class=\"wpb_wrapper\">\n\t\t\t<p>Time frame:<\/p>\n\n\t\t<\/div> \n\t<\/div> \n\t\t<\/div> \n\t<\/div> \n\n\t<div class=\"ten columns vc-column-extra-class-69e9dd6b5e670\" data-parallax_sense=\"30\">\n\t\t<div class=\"wpb_wrapper\">\n\t\t\t\n\t<div class=\"wpb_text_column wpb_content_element\" >\n\t\t<div class=\"wpb_wrapper\">\n\t\t\t<p>6 hours (2 x 3 hours)<\/p>\n\n\t\t<\/div> \n\t<\/div> \n\t\t<\/div> \n\t<\/div> \n<\/div><div class=\"dfd-row-bg-overlay\" style=\"opacity: 0.8;\"><\/div><script type=\"text\/javascript\">(function($) {$(\"head\").append(\"<style>@media (max-width: 799px){.vc-row-wrapper.vc-row-responsive-69e9dd6b5de6f{padding-left: 20px !important;padding-right: 20px !important;}}<\/style>\");})(jQuery);<\/script><\/div><div  class=\"vc-row-wrapper vc-row-responsive-69e9dd6b5ecd2\" data-parallax_sense=\"30\"><div class=\"wpb_row row\" >\n\t<div class=\"two columns vc-column-extra-class-69e9dd6b5f045\" data-parallax_sense=\"30\">\n\t\t<div class=\"wpb_wrapper\">\n\t\t\t\n\t<div class=\"wpb_text_column wpb_content_element\" >\n\t\t<div class=\"wpb_wrapper\">\n\t\t\t<p>Costs:<\/p>\n\n\t\t<\/div> \n\t<\/div> \n\t\t<\/div> \n\t<\/div> \n\n\t<div class=\"ten columns vc-column-extra-class-69e9dd6b5f4dd\" data-parallax_sense=\"30\">\n\t\t<div class=\"wpb_wrapper\">\n\t\t\t\n\t<div class=\"wpb_text_column wpb_content_element\" >\n\t\t<div class=\"wpb_wrapper\">\n\t\t\t<p>300,- Euro per person<\/p>\n\n\t\t<\/div> \n\t<\/div> \n\t\t<\/div> \n\t<\/div> \n<\/div><div class=\"dfd-row-bg-overlay\" style=\"opacity: 0.8;\"><\/div><script type=\"text\/javascript\">(function($) {$(\"head\").append(\"<style>@media (max-width: 799px){.vc-row-wrapper.vc-row-responsive-69e9dd6b5ecd2{padding-top: 20px !important;padding-left: 20px !important;padding-right: 20px !important;}}<\/style>\");})(jQuery);<\/script><\/div><div  class=\"vc-row-wrapper vc-row-responsive-69e9dd6b5fb3d\" data-parallax_sense=\"30\"><div class=\"wpb_row row\" >\n\t<div class=\"two columns vc-column-extra-class-69e9dd6b5feb1\" data-parallax_sense=\"30\">\n\t\t<div class=\"wpb_wrapper\">\n\t\t\t\n\t<div class=\"wpb_text_column wpb_content_element\" >\n\t\t<div class=\"wpb_wrapper\">\n\t\t\t<p>Location:<\/p>\n\n\t\t<\/div> \n\t<\/div> \n\t\t<\/div> \n\t<\/div> \n\n\t<div class=\"ten columns vc-column-extra-class-69e9dd6b60362\" data-parallax_sense=\"30\">\n\t\t<div class=\"wpb_wrapper\">\n\t\t\t\n\t<div class=\"wpb_text_column wpb_content_element\" >\n\t\t<div class=\"wpb_wrapper\">\n\t\t\t<p>Kreativ Raum &#8222;SiebenSinne&#8220; 1030 Wien, Landstr.Hauptstr. 134\/T\u00fcr 2<\/p>\n\n\t\t<\/div> \n\t<\/div> \n\t\t<\/div> \n\t<\/div> \n<\/div><div class=\"dfd-row-bg-overlay\" style=\"opacity: 0.8;\"><\/div><script type=\"text\/javascript\">(function($) {$(\"head\").append(\"<style>@media (max-width: 799px){.vc-row-wrapper.vc-row-responsive-69e9dd6b5fb3d{padding-top: 20px !important;padding-left: 20px !important;padding-right: 20px !important;}}<\/style>\");})(jQuery);<\/script><\/div><div  class=\"vc-row-wrapper vc-row-responsive-69e9dd6b609b1\" data-parallax_sense=\"30\"><div class=\"wpb_row row\" >\n\t<div class=\"two columns vc-column-extra-class-69e9dd6b60d25\" data-parallax_sense=\"30\">\n\t\t<div class=\"wpb_wrapper\">\n\t\t\t\n\t<div class=\"wpb_text_column wpb_content_element\" >\n\t\t<div class=\"wpb_wrapper\">\n\t\t\t<p>Restrictions:<\/p>\n\n\t\t<\/div> \n\t<\/div> \n\t\t<\/div> \n\t<\/div> \n\n\t<div class=\"ten columns vc-column-extra-class-69e9dd6b611cc\" data-parallax_sense=\"30\">\n\t\t<div class=\"wpb_wrapper\">\n\t\t\t\n\t<div class=\"wpb_text_column wpb_content_element\" >\n\t\t<div class=\"wpb_wrapper\">\n\t\t\t<p>Minimum number of participants: six people<\/p>\n\n\t\t<\/div> \n\t<\/div> \n\t\t<\/div> \n\t<\/div> \n<\/div><div class=\"dfd-row-bg-overlay\" style=\"opacity: 0.8;\"><\/div><script type=\"text\/javascript\">(function($) {$(\"head\").append(\"<style>@media (max-width: 799px){.vc-row-wrapper.vc-row-responsive-69e9dd6b609b1{padding-top: 20px !important;padding-left: 20px !important;padding-right: 20px !important;}}<\/style>\");})(jQuery);<\/script><\/div><div  class=\"vc-row-wrapper vc-row-responsive-69e9dd6b6181b vc_custom_1751477253266\" data-parallax_sense=\"30\"><div class=\"wpb_row row\" >\n\t<div class=\"twelve columns vc-column-extra-class-69e9dd6b61ba2\" data-parallax_sense=\"30\">\n\t\t<div class=\"wpb_wrapper\">\n\t\t\t<div class=\"vc-row-wrapper vc_inner vc_row-fluid dfd-inner-row-69e9dd6b61e05\"><div class=\"row wpb_row\"><div class=\"vc-column-hover-69e9dd6b620ac columns twelve\"><div class=\"wpb_wrapper\">\n\t<div class=\"wpb_text_column wpb_content_element  vc_custom_1621496473998\" >\n\t\t<div class=\"wpb_wrapper\">\n\t\t\t<h2>Dates:<\/h2>\n\n\t\t<\/div> \n\t<\/div> <\/div><\/div><\/div><\/div>\n\t<div class=\"wpb_text_column wpb_content_element\" >\n\t\t<div class=\"wpb_wrapper\">\n\t\t\t<p>Dates to be announced<\/p>\n\n\t\t<\/div> \n\t<\/div> \n\t<div class=\"wpb_text_column wpb_content_element  vc_custom_1697618504037\" >\n\t\t<div class=\"wpb_wrapper\">\n\t\t\t<p>Participants will receive a detailed script.<\/p>\n<h4>Conclusion<\/h4>\n<p>Participants will receive a certificate of attendance.<\/p>\n\n\t\t<\/div> \n\t<\/div> \n\t\t<\/div> \n\t<\/div> \n<\/div><div class=\"dfd-row-bg-overlay\" style=\"opacity: 0.8;\"><\/div><script type=\"text\/javascript\">(function($) {$(\"head\").append(\"<style>@media (max-width: 799px){.vc-row-wrapper.vc-row-responsive-69e9dd6b6181b{padding-left: 20px !important;padding-right: 20px !important;}}<\/style>\");})(jQuery);<\/script><\/div><\/section><div  class=\"vc-row-wrapper vc-row-responsive-69e9dd6b62ace vc_custom_1751477269789\" data-parallax_sense=\"30\"><div class=\"wpb_row row\" >\n\t<div class=\"twelve columns vc-column-extra-class-69e9dd6b62ec6\" data-parallax_sense=\"30\">\n\t\t<div class=\"wpb_wrapper\">\n\t\t\t\n\t<div class=\"wpb_text_column wpb_content_element\" >\n\t\t<div class=\"wpb_wrapper\">\n\t\t\t<h2>Registration:<\/h2>\n<p>For more information or to register for our Tootsie-ASSISTANT seminars, please complete the contact form and then click on \u2018SEND\u2019.<\/p>\n<p>We will contact you as soon as possible!<\/p>\n\n\t\t<\/div> \n\t<\/div> \n\t<div class=\"wpb_text_column wpb_content_element  vc_custom_1621499150635\" >\n\t\t<div class=\"wpb_wrapper\">\n\t\t\t\n<div class=\"wpcf7 no-js\" id=\"wpcf7-f3193-o1\" lang=\"de-DE\" dir=\"ltr\" data-wpcf7-id=\"3193\">\n<div class=\"screen-reader-response\"><p role=\"status\" aria-live=\"polite\" aria-atomic=\"true\"><\/p> <ul><\/ul><\/div>\n<form action=\"\/en\/wp-json\/wp\/v2\/pages\/3194#wpcf7-f3193-o1\" method=\"post\" class=\"wpcf7-form init\" aria-label=\"Kontaktformular\" novalidate=\"novalidate\" data-status=\"init\" data-trp-original-action=\"\/en\/wp-json\/wp\/v2\/pages\/3194#wpcf7-f3193-o1\">\n<fieldset class=\"hidden-fields-container\"><input type=\"hidden\" name=\"_wpcf7\" value=\"3193\" \/><input type=\"hidden\" name=\"_wpcf7_version\" value=\"6.1\" \/><input type=\"hidden\" name=\"_wpcf7_locale\" value=\"de_DE\" \/><input type=\"hidden\" name=\"_wpcf7_unit_tag\" value=\"wpcf7-f3193-o1\" \/><input type=\"hidden\" name=\"_wpcf7_container_post\" value=\"0\" \/><input type=\"hidden\" name=\"_wpcf7_posted_data_hash\" value=\"\" \/>\n<\/fieldset>\n<p><label> Name*<br \/>\n<span class=\"wpcf7-form-control-wrap\" data-name=\"your-name\"><input size=\"40\" maxlength=\"400\" class=\"wpcf7-form-control wpcf7-text wpcf7-validates-as-required\" aria-required=\"true\" aria-invalid=\"false\" value=\"\" type=\"text\" name=\"your-name\" \/><\/span> <\/label>\n<\/p>\n<p><label> E-mail address*<br \/>\n<span class=\"wpcf7-form-control-wrap\" data-name=\"your-email\"><input size=\"40\" maxlength=\"400\" class=\"wpcf7-form-control wpcf7-email wpcf7-validates-as-required wpcf7-text wpcf7-validates-as-email\" aria-required=\"true\" aria-invalid=\"false\" value=\"\" type=\"email\" name=\"your-email\" \/><\/span> <\/label>\n<\/p>\n<p><label> Phone*<br \/>\n<span class=\"wpcf7-form-control-wrap\" data-name=\"tel-806\"><input size=\"40\" maxlength=\"400\" class=\"wpcf7-form-control wpcf7-tel wpcf7-validates-as-required wpcf7-text wpcf7-validates-as-tel\" aria-required=\"true\" aria-invalid=\"false\" value=\"\" type=\"tel\" name=\"tel-806\" \/><\/span> <\/label>\n<\/p>\n<p><label> Select your desired modules*<br \/>\n<span class=\"wpcf7-form-control-wrap\" data-name=\"radio-418\"><span class=\"wpcf7-form-control wpcf7-radio\"><span class=\"wpcf7-list-item first\"><label><input type=\"radio\" name=\"radio-418\" value=\"Modul 1\" checked=\"checked\" \/><span class=\"wpcf7-list-item-label\">Modul 1<\/span><\/label><\/span><span class=\"wpcf7-list-item\"><label><input type=\"radio\" name=\"radio-418\" value=\"Modul 2\" \/><span class=\"wpcf7-list-item-label\">Modul 2<\/span><\/label><\/span><span class=\"wpcf7-list-item last\"><label><input type=\"radio\" name=\"radio-418\" value=\"Alle Beide\" \/><span class=\"wpcf7-list-item-label\">All Both<\/span><\/label><\/span><\/span><\/span> <\/label>\n<\/p>\n<p><label> Number of desired participants*<br \/>\n<span class=\"wpcf7-form-control-wrap\" data-name=\"number-351\"><input class=\"wpcf7-form-control wpcf7-number wpcf7-validates-as-required wpcf7-validates-as-number\" aria-required=\"true\" aria-invalid=\"false\" value=\"\" type=\"number\" name=\"number-351\" \/><\/span> <\/label>\n<\/p>\n<p><label> Your message<br \/>\n<span class=\"wpcf7-form-control-wrap\" data-name=\"your-message\"><textarea cols=\"40\" rows=\"10\" maxlength=\"2000\" class=\"wpcf7-form-control wpcf7-textarea\" aria-invalid=\"false\" name=\"your-message\"><\/textarea><\/span> <\/label>\n<\/p>\n<p><input class=\"wpcf7-form-control wpcf7-submit has-spinner\" type=\"submit\" value=\"SEND\" \/>\n<\/p><p style=\"display: none !important;\" class=\"akismet-fields-container\" data-prefix=\"_wpcf7_ak_\"><label>&#916;<textarea name=\"_wpcf7_ak_hp_textarea\" cols=\"45\" rows=\"8\" maxlength=\"100\"><\/textarea><\/label><input type=\"hidden\" id=\"ak_js_1\" name=\"_wpcf7_ak_js\" value=\"165\"\/><script>document.getElementById( \"ak_js_1\" ).setAttribute( \"value\", ( new Date() ).getTime() );<\/script><\/p><div class=\"wpcf7-response-output\" aria-hidden=\"true\"><\/div>\n<input type=\"hidden\" name=\"trp-form-language\" value=\"en\"\/><\/form>\n<\/div>\n\n\n\t\t<\/div> \n\t<\/div> \n\t\t<\/div> \n\t<\/div> \n<\/div><div class=\"dfd-row-bg-wrap dfd-row-bg-anim-colors\" id=\"DfdAnimatedBG69e9dd6b6bdab\"><\/div><script type=\"text\/javascript\">\r\n\t\t\t\t\t(function($) {\r\n\t\t\t\t\t\t$(\"head\").append(\"<style>#DfdAnimatedBG69e9dd6b6bdab{background: #ffda23;-webkit-animation: DfdAnimatedBG69e9dd6b6bdab 3s linear infinite;-moz-animation: DfdAnimatedBG69e9dd6b6bdab 3s linear infinite;-ms-animation: DfdAnimatedBG69e9dd6b6bdab 3s linear infinite;-o-animation: DfdAnimatedBG69e9dd6b6bdab 3s linear infinite;animation: DfdAnimatedBG69e9dd6b6bdab 3s linear infinite;}@-webkit-keyframes DfdAnimatedBG69e9dd6b6bdab {0% { background: #ffda23}}@-moz-keyframes DfdAnimatedBG69e9dd6b6bdab {0% { background: #ffda23}}@-ms-keyframes DfdAnimatedBG69e9dd6b6bdab {0% { background: #ffda23}}@-o-keyframes DfdAnimatedBG69e9dd6b6bdab {0% { background: #ffda23}}@keyframes DfdAnimatedBG69e9dd6b6bdab {0% { background: #ffda23}}<\/style>\");\r\n\t\t\t\t\t})(jQuery);\r\n\t\t\t\t<\/script><script type=\"text\/javascript\">(function($) {$(\"head\").append(\"<style>#DfdAnimatedBG69e9dd6b6bdab{background: #ffda23;-webkit-animation: DfdAnimatedBG69e9dd6b6bdab 3s linear infinite;-moz-animation: DfdAnimatedBG69e9dd6b6bdab 3s linear infinite;-ms-animation: DfdAnimatedBG69e9dd6b6bdab 3s linear infinite;-o-animation: DfdAnimatedBG69e9dd6b6bdab 3s linear infinite;animation: DfdAnimatedBG69e9dd6b6bdab 3s linear infinite;}@-webkit-keyframes DfdAnimatedBG69e9dd6b6bdab {0% { background: #ffda23}}@-moz-keyframes DfdAnimatedBG69e9dd6b6bdab {0% { background: #ffda23}}@-ms-keyframes DfdAnimatedBG69e9dd6b6bdab {0% { background: #ffda23}}@-o-keyframes DfdAnimatedBG69e9dd6b6bdab {0% { background: #ffda23}}@keyframes DfdAnimatedBG69e9dd6b6bdab {0% { background: #ffda23}}@media (max-width: 799px){.vc-row-wrapper.vc-row-responsive-69e9dd6b62ace{padding-left: 20px !important;padding-right: 20px !important;}}<\/style>\");})(jQuery);<\/script><\/div>\n<\/div>","protected":false},"excerpt":{"rendered":"Tootie-Advanced Seminare: Die Ausbildung wird in 2 Modulen \u00e1 6 Stunden abgehalten. ReferentInnen: Dipl.P\u00e4d. Romy Lechner, Dipl.P\u00e4d. Brigitta Bruckner-Heimbach, Dipl.Kinderg\u00e4rtnerin Melanie Proyer Voraussetzung: Tootie-Basic Seminar Modul 1 Theoretische Grundlagen, Vorraussetzungen","protected":false},"author":3,"featured_media":0,"parent":0,"menu_order":0,"comment_status":"closed","ping_status":"closed","template":"page-custom.php","meta":{"footnotes":""},"class_list":["post-3194","page","type-page","status-publish","hentry"],"_links":{"self":[{"href":"https:\/\/tooties.at\/en\/wp-json\/wp\/v2\/pages\/3194","targetHints":{"allow":["GET"]}}],"collection":[{"href":"https:\/\/tooties.at\/en\/wp-json\/wp\/v2\/pages"}],"about":[{"href":"https:\/\/tooties.at\/en\/wp-json\/wp\/v2\/types\/page"}],"author":[{"embeddable":true,"href":"https:\/\/tooties.at\/en\/wp-json\/wp\/v2\/users\/3"}],"replies":[{"embeddable":true,"href":"https:\/\/tooties.at\/en\/wp-json\/wp\/v2\/comments?post=3194"}],"version-history":[{"count":33,"href":"https:\/\/tooties.at\/en\/wp-json\/wp\/v2\/pages\/3194\/revisions"}],"predecessor-version":[{"id":3420,"href":"https:\/\/tooties.at\/en\/wp-json\/wp\/v2\/pages\/3194\/revisions\/3420"}],"wp:attachment":[{"href":"https:\/\/tooties.at\/en\/wp-json\/wp\/v2\/media?parent=3194"}],"curies":[{"name":"wp","href":"https:\/\/api.w.org\/{rel}","templated":true}]}}